{"id":12,"date":"2014-08-23T19:09:51","date_gmt":"2014-08-23T19:09:51","guid":{"rendered":"http:\/\/whm16.louhi.net\/~foggara\/?page_id=12"},"modified":"2025-05-13T13:46:51","modified_gmt":"2025-05-13T11:46:51","slug":"yhteystiedot","status":"publish","type":"page","link":"https:\/\/www.foggara.fi\/?page_id=12","title":{"rendered":"Ota yhteytt\u00e4"},"content":{"rendered":"<p>Foggara Oy<br \/>\nY-tunnus:\u00a02541162-3<\/p>\n<p>Yhteydenotto: info@foggara.fi<\/p>\n<p><strong>Yhteenveto osaamisesta<\/strong><br \/>\nVahva osaaminen digitaalisesta transformaatiosta ja sen johtamisesta. Laaja finanssialan ja sit\u00e4 tukevan IT:n tuntemus. Pitk\u00e4 kokemus IT-toiminnan johtamisesta eri kokoisissa organisaatiossa ja erilaisilla toimintamalleilla. N\u00e4ytt\u00f6\u00e4 IT-toiminnan j\u00e4rjest\u00e4misest\u00e4 yhteisyhti\u00f6\u00f6n ja siirtymisest\u00e4 palvelujen ostoon.<\/p>\n<p>Hyv\u00e4 k\u00e4sitys liiketoiminnan menestykseen vaikuttavista tekij\u00f6ist\u00e4 ja IT:n hy\u00f6dynt\u00e4misest\u00e4 koko organisaation tuottavuuden parantajana. Pitk\u00e4 kokemus kokonaisarkkitehtuurity\u00f6st\u00e4 ja n\u00e4ytt\u00f6\u00e4 koko organisaation liiketoimintal\u00e4ht\u00f6isen kehitt\u00e4misen johtamismallin j\u00e4rjest\u00e4misest\u00e4.<\/p>\n<p>Kokemusta useista yrityskauppatilanteista\u00a0 ja niihin liittyneist\u00e4 muutoksissa sek\u00e4 osaaminen IT-toimintojen j\u00e4rjest\u00e4misest\u00e4 t\u00e4ss\u00e4 yhteydess\u00e4. Kokemusta alueellisesti laajalle levinneen ja p\u00e4\u00e4t\u00f6ksentekomekanismien osalta moniulotteisen organisaation toiminnasta.<\/p>\n","protected":false},"excerpt":{"rendered":"<p>Foggara Oy Y-tunnus:\u00a02541162-3 Yhteydenotto: info@foggara.fi Yhteenveto osaamisesta Vahva osaaminen digitaalisesta transformaatiosta ja sen johtamisesta. Laaja finanssialan ja sit\u00e4 tukevan IT:n tuntemus. Pitk\u00e4 kokemus IT-toiminnan johtamisesta eri kokoisissa organisaatiossa ja erilaisilla toimintamalleilla. N\u00e4ytt\u00f6\u00e4 IT-toiminnan j\u00e4rjest\u00e4misest\u00e4 yhteisyhti\u00f6\u00f6n ja siirtymisest\u00e4 palvelujen ostoon. Hyv\u00e4 k\u00e4sitys liiketoiminnan menestykseen vaikuttavista tekij\u00f6ist\u00e4 ja IT:n hy\u00f6dynt\u00e4misest\u00e4 koko organisaation tuottavuuden parantajana. Pitk\u00e4 kokemus kokonaisarkkitehtuurity\u00f6st\u00e4 [&hellip;]<\/p>\n","protected":false},"author":1,"featured_media":33,"parent":0,"menu_order":0,"comment_status":"open","ping_status":"open","template":"","meta":{"footnotes":""},"class_list":["post-12","page","type-page","status-publish","has-post-thumbnail","czr-hentry"],"_links":{"self":[{"href":"https:\/\/www.foggara.fi\/index.php?rest_route=\/wp\/v2\/pages\/12","targetHints":{"allow":["GET"]}}],"collection":[{"href":"https:\/\/www.foggara.fi\/index.php?rest_route=\/wp\/v2\/pages"}],"about":[{"href":"https:\/\/www.foggara.fi\/index.php?rest_route=\/wp\/v2\/types\/page"}],"author":[{"embeddable":true,"href":"https:\/\/www.foggara.fi\/index.php?rest_route=\/wp\/v2\/users\/1"}],"replies":[{"embeddable":true,"href":"https:\/\/www.foggara.fi\/index.php?rest_route=%2Fwp%2Fv2%2Fcomments&post=12"}],"version-history":[{"count":26,"href":"https:\/\/www.foggara.fi\/index.php?rest_route=\/wp\/v2\/pages\/12\/revisions"}],"predecessor-version":[{"id":324,"href":"https:\/\/www.foggara.fi\/index.php?rest_route=\/wp\/v2\/pages\/12\/revisions\/324"}],"wp:featuredmedia":[{"embeddable":true,"href":"https:\/\/www.foggara.fi\/index.php?rest_route=\/wp\/v2\/media\/33"}],"wp:attachment":[{"href":"https:\/\/www.foggara.fi\/index.php?rest_route=%2Fwp%2Fv2%2Fmedia&parent=12"}],"curies":[{"name":"wp","href":"https:\/\/api.w.org\/{rel}","templated":true}]}}