{"id":238,"date":"2015-04-27T12:00:47","date_gmt":"2015-04-27T10:00:47","guid":{"rendered":"http:\/\/www.foggara.fi\/?page_id=238"},"modified":"2020-05-18T11:46:17","modified_gmt":"2020-05-18T09:46:17","slug":"suomi-teollisen-internetin-piilaakso","status":"publish","type":"page","link":"https:\/\/www.foggara.fi\/?page_id=238","title":{"rendered":"Suomi &#8211; Teollisen Internetin Piilaakso 4\/2015"},"content":{"rendered":"<p>&#8220;Suomi &#8211; Teollisen Internetin Piilaakso&#8221; -julkaisu on osa Valtioneuvoston selvitys ja tutkimustoiminnan julkaisusarjaa.<\/p>\n<p>Digitaalisuuden ja Teollisen Internetin sek\u00e4 niiden yhteisvaikutuksen luoma murros on n\u00e4ht\u00e4v\u00e4 positiivisena mahdollisuutena kasvattaa yhteiskuntamme hyvinvointia ja tuottavuutta. Niiden avulla voimme luoda uusia ty\u00f6paikkoja ja puitteita uusille investoinneille, tarjota Suomeen syntyville ja nykyisille yrityksillemme globaalit toimintaedellytykset Suomesta k\u00e4sin, sek\u00e4 edesauttaa yritysten menestymist\u00e4 uudelleen muotoutuvilla teollisilla markkinoilla.<\/p>\n<p>Digitalisaatiolla ja Teollisen Internetin murroksella on vaikutuksia monen ihmisen arkeen, koska digitalisaatio ja Teollinen Internet yht\u00e4\u00e4lt\u00e4 tuhoaa ty\u00f6paikkoja, mutta toisaalta se luo uusia. T\u00e4m\u00e4 vaatii yh\u00e4 useammalta ihmiselt\u00e4 enemm\u00e4n oma-aloitteisuutta ja itsen\u00e4isi\u00e4 ponnisteluja esimerkiksi uuden koulutuksen hankkimisen muodossa.<\/p>\n<p>Emme ole my\u00f6h\u00e4ss\u00e4, vaan tarttumalla aktiivisesti tilaisuuteen ja toimimalla rohkeasti Suomesta voi tulla Teollisen Internetin Piilaakso.<\/p>\n<p><a href=\"http:\/\/www.foggara.fi\/wp-content\/uploads\/2015\/11\/Suomi_Teollisen_Internetin_Piilaakso.pdf\" target=\"_blank\" rel=\"noopener noreferrer\">Suomi &#8211; Teollisen Internetin Piilaakso<\/a><\/p>\n<p><a href=\"http:\/\/www.foggara.fi\/wp-content\/uploads\/2015\/11\/Finland_SiliconValley_of_IndustrialInternet.pdf\" target=\"_blank\" rel=\"noopener noreferrer\">Finland Silicon Valley of Industrial Internet<\/a><\/p>\n","protected":false},"excerpt":{"rendered":"<p>&#8220;Suomi &#8211; Teollisen Internetin Piilaakso&#8221; -julkaisu on osa Valtioneuvoston selvitys ja tutkimustoiminnan julkaisusarjaa. Digitaalisuuden ja Teollisen Internetin sek\u00e4 niiden yhteisvaikutuksen luoma murros on n\u00e4ht\u00e4v\u00e4 positiivisena mahdollisuutena kasvattaa yhteiskuntamme hyvinvointia ja tuottavuutta. Niiden avulla voimme luoda uusia ty\u00f6paikkoja ja puitteita uusille investoinneille, tarjota Suomeen syntyville ja nykyisille yrityksillemme globaalit toimintaedellytykset Suomesta k\u00e4sin, sek\u00e4 edesauttaa yritysten menestymist\u00e4 [&hellip;]<\/p>\n","protected":false},"author":1,"featured_media":0,"parent":0,"menu_order":0,"comment_status":"closed","ping_status":"closed","template":"","meta":{"footnotes":""},"class_list":["post-238","page","type-page","status-publish","czr-hentry"],"_links":{"self":[{"href":"https:\/\/www.foggara.fi\/index.php?rest_route=\/wp\/v2\/pages\/238","targetHints":{"allow":["GET"]}}],"collection":[{"href":"https:\/\/www.foggara.fi\/index.php?rest_route=\/wp\/v2\/pages"}],"about":[{"href":"https:\/\/www.foggara.fi\/index.php?rest_route=\/wp\/v2\/types\/page"}],"author":[{"embeddable":true,"href":"https:\/\/www.foggara.fi\/index.php?rest_route=\/wp\/v2\/users\/1"}],"replies":[{"embeddable":true,"href":"https:\/\/www.foggara.fi\/index.php?rest_route=%2Fwp%2Fv2%2Fcomments&post=238"}],"version-history":[{"count":7,"href":"https:\/\/www.foggara.fi\/index.php?rest_route=\/wp\/v2\/pages\/238\/revisions"}],"predecessor-version":[{"id":311,"href":"https:\/\/www.foggara.fi\/index.php?rest_route=\/wp\/v2\/pages\/238\/revisions\/311"}],"wp:attachment":[{"href":"https:\/\/www.foggara.fi\/index.php?rest_route=%2Fwp%2Fv2%2Fmedia&parent=238"}],"curies":[{"name":"wp","href":"https:\/\/api.w.org\/{rel}","templated":true}]}}