{"id":259,"date":"2016-05-12T09:00:07","date_gmt":"2016-05-12T07:00:07","guid":{"rendered":"http:\/\/www.foggara.fi\/?page_id=259"},"modified":"2016-05-27T09:46:26","modified_gmt":"2016-05-27T07:46:26","slug":"talous-yhteiskunta-22016","status":"publish","type":"page","link":"https:\/\/www.foggara.fi\/?page_id=259","title":{"rendered":"Talous &#038; Yhteiskunta 2\/2016"},"content":{"rendered":"<p>&#8220;Suomalaisten pankkien digitaalinen edell\u00e4k\u00e4vijyys syntyi yhteisty\u00f6ll\u00e4&#8221; -artikkeli tarkastelee pankkitoiminnan liiketoiminnallisia ja teknologisia murroksia 60 vuoden ajalta yhdeks\u00e4st\u00e4 murrostekij\u00e4st\u00e4 koostuvan viitekehyksen ja aikajanojen avulla. <\/p>\n<p>Suomen pankkitoiminnan edistyksellisyyden taustalla oli vahva halu kehitt\u00e4\u00e4 toimialaa ja kyky tehd\u00e4 koko toimialan kilpailukyky\u00e4 parantavia toimia. <\/p>\n<p>Menesty\u00e4ksemme my\u00f6s tulevaisuudessa suomalaisen koulutuksen tulee tuottaa IT-teknologian liiketoiminnallisen soveltamisen ja kaupallistamisen osaajia. Elinkeino- ja tutkimuspolitiikkojen tulee varmistaa pitk\u00e4j\u00e4nteinen, mutta nopeasti reagoiva teknologisten ja liiketoiminnallisten innovaatioiden toteuttaminen. Lis\u00e4ksi tulee etsi\u00e4 Suomelle soveltuvia mahdollisuuksia teknologian ja liiketoiminnan yhdist\u00e4miseen sek\u00e4 vied\u00e4 niit\u00e4 eteenp\u00e4in kansainv\u00e4lisille markkinoille kansallisella yhteisty\u00f6ll\u00e4.<\/p>\n<p><a href=\"http:\/\/www.foggara.fi\/wp-content\/uploads\/2016\/05\/ty22016DahlbergHalen.pdf\"target=\"_blank\">Suomalaisten pankkien digitaalinen edell\u00e4k\u00e4vijyys syntyi yhteisty\u00f6ll\u00e4<\/a><\/p>\n","protected":false},"excerpt":{"rendered":"<p>&#8220;Suomalaisten pankkien digitaalinen edell\u00e4k\u00e4vijyys syntyi yhteisty\u00f6ll\u00e4&#8221; -artikkeli tarkastelee pankkitoiminnan liiketoiminnallisia ja teknologisia murroksia 60 vuoden ajalta yhdeks\u00e4st\u00e4 murrostekij\u00e4st\u00e4 koostuvan viitekehyksen ja aikajanojen avulla. Suomen pankkitoiminnan edistyksellisyyden taustalla oli vahva halu kehitt\u00e4\u00e4 toimialaa ja kyky tehd\u00e4 koko toimialan kilpailukyky\u00e4 parantavia toimia. Menesty\u00e4ksemme my\u00f6s tulevaisuudessa suomalaisen koulutuksen tulee tuottaa IT-teknologian liiketoiminnallisen soveltamisen ja kaupallistamisen osaajia. Elinkeino- ja [&hellip;]<\/p>\n","protected":false},"author":1,"featured_media":0,"parent":0,"menu_order":0,"comment_status":"closed","ping_status":"closed","template":"","meta":{"footnotes":""},"class_list":["post-259","page","type-page","status-publish","czr-hentry"],"_links":{"self":[{"href":"https:\/\/www.foggara.fi\/index.php?rest_route=\/wp\/v2\/pages\/259","targetHints":{"allow":["GET"]}}],"collection":[{"href":"https:\/\/www.foggara.fi\/index.php?rest_route=\/wp\/v2\/pages"}],"about":[{"href":"https:\/\/www.foggara.fi\/index.php?rest_route=\/wp\/v2\/types\/page"}],"author":[{"embeddable":true,"href":"https:\/\/www.foggara.fi\/index.php?rest_route=\/wp\/v2\/users\/1"}],"replies":[{"embeddable":true,"href":"https:\/\/www.foggara.fi\/index.php?rest_route=%2Fwp%2Fv2%2Fcomments&post=259"}],"version-history":[{"count":4,"href":"https:\/\/www.foggara.fi\/index.php?rest_route=\/wp\/v2\/pages\/259\/revisions"}],"predecessor-version":[{"id":265,"href":"https:\/\/www.foggara.fi\/index.php?rest_route=\/wp\/v2\/pages\/259\/revisions\/265"}],"wp:attachment":[{"href":"https:\/\/www.foggara.fi\/index.php?rest_route=%2Fwp%2Fv2%2Fmedia&parent=259"}],"curies":[{"name":"wp","href":"https:\/\/api.w.org\/{rel}","templated":true}]}}