{"id":301,"date":"2019-10-30T12:00:04","date_gmt":"2019-10-30T10:00:04","guid":{"rendered":"http:\/\/www.foggara.fi\/?page_id=301"},"modified":"2020-05-18T11:53:06","modified_gmt":"2020-05-18T09:53:06","slug":"301-2","status":"publish","type":"page","link":"https:\/\/www.foggara.fi\/?page_id=301","title":{"rendered":"Ohjelmistorobotiikka ja teko\u00e4ly \u2013 soveltamisen askelmerkkej\u00e4 10\/2018"},"content":{"rendered":"\n<p>Robo\u00c4ly-hankkeessa (Ohjelmistorobotiikan ja teko\u00e4lyn kehitysvaateet julkiselle sektorille \u2013 Robottien ja teko\u00e4lyn kehitysvaateet tietoinfrastruktuurille) tarkastellaan ohjelmistorobotiikan ja teko\u00e4lyn soveltamista julkisella sektorilla sek\u00e4 niiden tyyppiteht\u00e4vi\u00e4. Lis\u00e4ksi kuvataan teknisi\u00e4 edellytyksi\u00e4 teko\u00e4lyn (erityisesti koneoppimisen) soveltamiselle julkisella sektorilla ja mit\u00e4 tietoturvaan sek\u00e4 tietosuojaan liittyvi\u00e4 seikkoja tulee huomioida ohjelmistorobotiikan ja teko\u00e4lyn soveltamisessa. Selvitys m\u00e4\u00e4rittelee edelleen valintakriteerist\u00f6t, miten tunnistetaan ohjelmistorobotiikalle tai teko\u00e4lylle soveltuvat teht\u00e4v\u00e4t tai prosessit (viranomaisprosessit) sek\u00e4 kuinka robotiikka- ja teko\u00e4lyhankkeiden hy\u00f6tyj\u00e4 voidaan arvioida. Selvityksess\u00e4 kuvataan kaksi Oulun kaupungin casea: ohjelmistorobotiikka case ja teko\u00e4ly case. Selvityksess\u00e4 esitet\u00e4\u00e4n my\u00f6s kehitt\u00e4mistoimenpide-ehdotuksia, jotka tukevat ohjelmistorobottien ja teko\u00e4lyn hy\u00f6dynt\u00e4mist\u00e4 ja k\u00e4yt\u00f6n levi\u00e4mist\u00e4 julkisella sektorilla.<\/p>\n\n\n\n<div class=\"wp-block-file\"><a href=\"http:\/\/www.foggara.fi\/wp-content\/uploads\/2020\/05\/65-2018-Ohjelmistorobotiikka-ja-tekoaly.pdf\">65-2018-Ohjelmistorobotiikka ja tekoaly<\/a><\/div>\n\n\n\n<p> <\/p>\n","protected":false},"excerpt":{"rendered":"<p>Robo\u00c4ly-hankkeessa (Ohjelmistorobotiikan ja teko\u00e4lyn kehitysvaateet julkiselle sektorille \u2013 Robottien ja teko\u00e4lyn kehitysvaateet tietoinfrastruktuurille) tarkastellaan ohjelmistorobotiikan ja teko\u00e4lyn soveltamista julkisella sektorilla sek\u00e4 niiden tyyppiteht\u00e4vi\u00e4. Lis\u00e4ksi kuvataan teknisi\u00e4 edellytyksi\u00e4 teko\u00e4lyn (erityisesti koneoppimisen) soveltamiselle julkisella sektorilla ja mit\u00e4 tietoturvaan sek\u00e4 tietosuojaan liittyvi\u00e4 seikkoja tulee huomioida ohjelmistorobotiikan ja teko\u00e4lyn soveltamisessa. Selvitys m\u00e4\u00e4rittelee edelleen valintakriteerist\u00f6t, miten tunnistetaan ohjelmistorobotiikalle tai teko\u00e4lylle [&hellip;]<\/p>\n","protected":false},"author":1,"featured_media":0,"parent":0,"menu_order":0,"comment_status":"closed","ping_status":"closed","template":"","meta":{"footnotes":""},"class_list":["post-301","page","type-page","status-publish","czr-hentry"],"_links":{"self":[{"href":"https:\/\/www.foggara.fi\/index.php?rest_route=\/wp\/v2\/pages\/301","targetHints":{"allow":["GET"]}}],"collection":[{"href":"https:\/\/www.foggara.fi\/index.php?rest_route=\/wp\/v2\/pages"}],"about":[{"href":"https:\/\/www.foggara.fi\/index.php?rest_route=\/wp\/v2\/types\/page"}],"author":[{"embeddable":true,"href":"https:\/\/www.foggara.fi\/index.php?rest_route=\/wp\/v2\/users\/1"}],"replies":[{"embeddable":true,"href":"https:\/\/www.foggara.fi\/index.php?rest_route=%2Fwp%2Fv2%2Fcomments&post=301"}],"version-history":[{"count":4,"href":"https:\/\/www.foggara.fi\/index.php?rest_route=\/wp\/v2\/pages\/301\/revisions"}],"predecessor-version":[{"id":315,"href":"https:\/\/www.foggara.fi\/index.php?rest_route=\/wp\/v2\/pages\/301\/revisions\/315"}],"wp:attachment":[{"href":"https:\/\/www.foggara.fi\/index.php?rest_route=%2Fwp%2Fv2%2Fmedia&parent=301"}],"curies":[{"name":"wp","href":"https:\/\/api.w.org\/{rel}","templated":true}]}}