{"id":306,"date":"2019-01-15T12:00:48","date_gmt":"2019-01-15T10:00:48","guid":{"rendered":"http:\/\/www.foggara.fi\/?page_id=306"},"modified":"2020-05-18T11:52:49","modified_gmt":"2020-05-18T09:52:49","slug":"tekoalyn-kokonaiskuva-ja-kansallinen-osaamiskartoitus-1-2019","status":"publish","type":"page","link":"https:\/\/www.foggara.fi\/?page_id=306","title":{"rendered":"Teko\u00e4lyn kokonaiskuva ja kansallinen osaamiskartoitus 1\/2019"},"content":{"rendered":"\n<p> Teko\u00e4lyteknologiat ja niiden hy\u00f6dynt\u00e4minen n\u00e4hd\u00e4\u00e4n l\u00e4hitulevaisuudessa t\u00e4rkein\u00e4 kansalliselle menestykselle. T\u00e4m\u00e4 raportti on tulos VN TEAS:n vuoden 2018 alussa k\u00e4ynnist\u00e4m\u00e4st\u00e4 selvityshankkeesta Teko\u00e4lyn kokonaiskuva ja kansallinen osaamiskartoitus (5.2 A). Raportissa teko\u00e4ly j\u00e4sennet\u00e4\u00e4n kymmeneksi osaamisalueeksi ja teko\u00e4lyosaaminen kuvataan tutkimus-, yritys- ja koulutussektoreilla. Tutkimusosaamista mitataan julkaisujen m\u00e4\u00e4r\u00e4ll\u00e4 ja laadulla. Osaamista yrityksiss\u00e4 on kartoitettu laajan kyselyn tuloksilla, data-analytiikka- ja teko\u00e4lyosaajien suhteellisella osuudella seitsem\u00e4ss\u00e4 eri alojen suuryrityksess\u00e4 sek\u00e4 henkil\u00f6haastatteluilla. Korkeakoulujen opetustarjontaa arvioitiin niille suunnatulla kyselyll\u00e4 ja haastatteluilla. Kaikilla kolmella sektorilla Suomen osaamista verrattiin muiden maiden tasoon. Raportissa tunnistetaan Suomen vahvuudet ja osaamisvajeet kymmenell\u00e4 teko\u00e4lyn osaamisalueella. Raportti esitt\u00e4\u00e4 joukon toimenpidesuosituksia teko\u00e4lyosaamisen vahvistamiseksi. <\/p>\n\n\n\n<div class=\"wp-block-file\"><a href=\"http:\/\/www.foggara.fi\/wp-content\/uploads\/2020\/05\/4-2019-Tekoalyn-kokonaiskuva.pdf\">4-2019-Tekoalyn kokonaiskuva<\/a><\/div>\n\n\n\n<div class=\"wp-block-file\"><a href=\"http:\/\/www.foggara.fi\/wp-content\/uploads\/2020\/05\/3-2019-Finnish-AI-Competences-and-How-to-Make-Them-Stronger.pdf\">3-2019-Finnish AI Competences and How to Make Them Stronger<\/a><\/div>\n","protected":false},"excerpt":{"rendered":"<p>Teko\u00e4lyteknologiat ja niiden hy\u00f6dynt\u00e4minen n\u00e4hd\u00e4\u00e4n l\u00e4hitulevaisuudessa t\u00e4rkein\u00e4 kansalliselle menestykselle. T\u00e4m\u00e4 raportti on tulos VN TEAS:n vuoden 2018 alussa k\u00e4ynnist\u00e4m\u00e4st\u00e4 selvityshankkeesta Teko\u00e4lyn kokonaiskuva ja kansallinen osaamiskartoitus (5.2 A). Raportissa teko\u00e4ly j\u00e4sennet\u00e4\u00e4n kymmeneksi osaamisalueeksi ja teko\u00e4lyosaaminen kuvataan tutkimus-, yritys- ja koulutussektoreilla. Tutkimusosaamista mitataan julkaisujen m\u00e4\u00e4r\u00e4ll\u00e4 ja laadulla. Osaamista yrityksiss\u00e4 on kartoitettu laajan kyselyn tuloksilla, data-analytiikka- ja teko\u00e4lyosaajien [&hellip;]<\/p>\n","protected":false},"author":1,"featured_media":0,"parent":0,"menu_order":0,"comment_status":"closed","ping_status":"closed","template":"","meta":{"footnotes":""},"class_list":["post-306","page","type-page","status-publish","czr-hentry"],"_links":{"self":[{"href":"https:\/\/www.foggara.fi\/index.php?rest_route=\/wp\/v2\/pages\/306","targetHints":{"allow":["GET"]}}],"collection":[{"href":"https:\/\/www.foggara.fi\/index.php?rest_route=\/wp\/v2\/pages"}],"about":[{"href":"https:\/\/www.foggara.fi\/index.php?rest_route=\/wp\/v2\/types\/page"}],"author":[{"embeddable":true,"href":"https:\/\/www.foggara.fi\/index.php?rest_route=\/wp\/v2\/users\/1"}],"replies":[{"embeddable":true,"href":"https:\/\/www.foggara.fi\/index.php?rest_route=%2Fwp%2Fv2%2Fcomments&post=306"}],"version-history":[{"count":2,"href":"https:\/\/www.foggara.fi\/index.php?rest_route=\/wp\/v2\/pages\/306\/revisions"}],"predecessor-version":[{"id":314,"href":"https:\/\/www.foggara.fi\/index.php?rest_route=\/wp\/v2\/pages\/306\/revisions\/314"}],"wp:attachment":[{"href":"https:\/\/www.foggara.fi\/index.php?rest_route=%2Fwp%2Fv2%2Fmedia&parent=306"}],"curies":[{"name":"wp","href":"https:\/\/api.w.org\/{rel}","templated":true}]}}