{"id":35,"date":"2014-08-23T21:03:18","date_gmt":"2014-08-23T21:03:18","guid":{"rendered":"http:\/\/whm16.louhi.net\/~foggara\/?page_id=35"},"modified":"2015-11-25T14:34:04","modified_gmt":"2015-11-25T12:34:04","slug":"palvelut","status":"publish","type":"page","link":"https:\/\/www.foggara.fi\/?page_id=35","title":{"rendered":"Miten voimme auttaa ?"},"content":{"rendered":"<p>Uskomme, ett\u00e4 asiakkaan tarve ratkaisee sen miten toimintaa kannattaa kehitt\u00e4\u00e4. Olennaista on ymm\u00e4rt\u00e4\u00e4 miss\u00e4 ollaan nyt ja mihin halutaan menn\u00e4.<\/p>\n<p>Toimeksiannon laajuus ja toimenpiteet sovitaan aina asiakkaan toiveiden mukaisesti. Alla on kuvattu joitain hyv\u00e4ksi havaittuja toiminnan kehitt\u00e4misen kokonaisuuksia.<\/p>\n<p><strong>0. Digitalisaatio ja toimintaymp\u00e4rist\u00f6n muutokset<\/strong><br \/>\n&#8211; digitalisaation muutosvoimat ja niiden merkitys strategian valmistelussa<br \/>\n&#8211; alustat, ekosysteemit, teollinen internet ja IoT<br \/>\n&#8211; liiketoimintamallien arviointi ja kehitt\u00e4minen<br \/>\n&#8211; organisaation ydintoiminta, kilpailuedun l\u00e4hde ja osaamiset<br \/>\n&#8211; teknologian ja IT:n rooli muutoksessa<\/p>\n<p><strong>1. Hallituksen ja johtoryhm\u00e4n IT-valmiuksien kasvattaminen<\/strong><br \/>\n&#8211; organisaation ydintoiminnan ja kilpailuedun l\u00e4hteen tunnistaminen<br \/>\n&#8211; toimintamallin arviointi<br \/>\n&#8211; teknologian ja IT:n roolin tunnistaminen<br \/>\n&#8211; IT-strategian valmistelun tuki<\/p>\n<p><strong>2. Toiminta- ja hallintomallien kehitt\u00e4minen<\/strong><br \/>\n&#8211; toimintamallin ja IT:n roolin kehitt\u00e4minen<br \/>\n&#8211; IT:n mahdollisuuksien t\u00e4ysim\u00e4\u00e4r\u00e4inen hy\u00f6dynt\u00e4minen<br \/>\n&#8211; liiketoimintatarpeiden tunnistaminen<br \/>\n&#8211; liiketoimintal\u00e4ht\u00f6inen kehitt\u00e4mistoiminnan johtaminen<br \/>\n&#8211; hanke- ja portfoliojohtamisen arviointi<\/p>\n<p><strong>3. Kokonaisarkkitehtuurity\u00f6n kehitt\u00e4minen<\/strong><br \/>\n&#8211; kehitt\u00e4misen periaatteet ja arkkitehtuurin kokonaisvaltainen kehitt\u00e4minen<br \/>\n&#8211; hanke- ja portfoliojohtamisen kehitt\u00e4minen<br \/>\n&#8211; oikeiden infrastruktuurivalintojen tekeminen<br \/>\n&#8211; yhteisten palveluiden m\u00e4\u00e4r\u00e4n kasvattaminen<\/p>\n<p><strong>4. IT-toiminnan kehitt\u00e4minen<\/strong><br \/>\n&#8211; IT-strategian valmistelun tuki<br \/>\n&#8211; tarkoituksenmukaisen toimintamallin laatiminen<br \/>\n&#8211; IT-toiminnan talous ja mittarit<br \/>\n&#8211; IT-palveluiden rakenne ja palveluiden tuottamisen malli<br \/>\n&#8211; hankinnat ja toimittajahahallinta<br \/>\n&#8211; nykyisen j\u00e4rjestelm\u00e4ymp\u00e4rist\u00f6n yksinkertaistaminen<\/p>\n","protected":false},"excerpt":{"rendered":"<p>Uskomme, ett\u00e4 asiakkaan tarve ratkaisee sen miten toimintaa kannattaa kehitt\u00e4\u00e4. Olennaista on ymm\u00e4rt\u00e4\u00e4 miss\u00e4 ollaan nyt ja mihin halutaan menn\u00e4. Toimeksiannon laajuus ja toimenpiteet sovitaan aina asiakkaan toiveiden mukaisesti. Alla on kuvattu joitain hyv\u00e4ksi havaittuja toiminnan kehitt\u00e4misen kokonaisuuksia. 0. Digitalisaatio ja toimintaymp\u00e4rist\u00f6n muutokset &#8211; digitalisaation muutosvoimat ja niiden merkitys strategian valmistelussa &#8211; alustat, ekosysteemit, teollinen [&hellip;]<\/p>\n","protected":false},"author":1,"featured_media":42,"parent":0,"menu_order":0,"comment_status":"open","ping_status":"open","template":"","meta":{"footnotes":""},"class_list":["post-35","page","type-page","status-publish","has-post-thumbnail","czr-hentry"],"_links":{"self":[{"href":"https:\/\/www.foggara.fi\/index.php?rest_route=\/wp\/v2\/pages\/35","targetHints":{"allow":["GET"]}}],"collection":[{"href":"https:\/\/www.foggara.fi\/index.php?rest_route=\/wp\/v2\/pages"}],"about":[{"href":"https:\/\/www.foggara.fi\/index.php?rest_route=\/wp\/v2\/types\/page"}],"author":[{"embeddable":true,"href":"https:\/\/www.foggara.fi\/index.php?rest_route=\/wp\/v2\/users\/1"}],"replies":[{"embeddable":true,"href":"https:\/\/www.foggara.fi\/index.php?rest_route=%2Fwp%2Fv2%2Fcomments&post=35"}],"version-history":[{"count":13,"href":"https:\/\/www.foggara.fi\/index.php?rest_route=\/wp\/v2\/pages\/35\/revisions"}],"predecessor-version":[{"id":212,"href":"https:\/\/www.foggara.fi\/index.php?rest_route=\/wp\/v2\/pages\/35\/revisions\/212"}],"wp:featuredmedia":[{"embeddable":true,"href":"https:\/\/www.foggara.fi\/index.php?rest_route=\/wp\/v2\/media\/42"}],"wp:attachment":[{"href":"https:\/\/www.foggara.fi\/index.php?rest_route=%2Fwp%2Fv2%2Fmedia&parent=35"}],"curies":[{"name":"wp","href":"https:\/\/api.w.org\/{rel}","templated":true}]}}